{"id":2288,"date":"2023-09-12T18:36:11","date_gmt":"2023-09-12T16:36:11","guid":{"rendered":"https:\/\/ofgdansk.com\/?post_type=product&#038;p=2288"},"modified":"2023-10-09T22:30:09","modified_gmt":"2023-10-09T20:30:09","slug":"gdansk-old-town","status":"publish","type":"product","link":"https:\/\/artofgdansk.com\/index.php\/product\/gdansk-old-town\/","title":{"rendered":"Gdansk old town"},"content":{"rendered":"<section class=\"wpb-content-wrapper\"><p>[vc_row][vc_column][vc_column_text]<strong>Nazwa:<\/strong><\/p>\n<ul>\n<li>Plakat Gdansk old Town \u00a0A2 42cmx59,4cm<\/li>\n<li>Ramka aluminium<\/li>\n<\/ul>\n<p><strong>Technika<\/strong>:<\/p>\n<ul>\n<li>print<\/li>\n<li>papier 250g<\/li>\n<li>ca\u0142o\u015b\u0107 zabezpieczona werniksem<\/li>\n<\/ul>\n<p><strong>Wymiary:<\/strong><\/p>\n<ul>\n<li>42cmx59,4cm<\/li>\n<\/ul>\n<p>[\/vc_column_text][\/vc_column][\/vc_row]<\/p>\n<\/section>","protected":false},"excerpt":{"rendered":"<p>Technika: Print zdj\u0119cie A2 42cmx59,4cm<\/p>\n","protected":false},"featured_media":2302,"template":"","meta":[],"product_cat":[15,98],"product_tag":[137,126,135,136],"class_list":{"0":"post-2288","1":"product","2":"type-product","3":"status-publish","4":"has-post-thumbnail","6":"product_brand-artofgdansk","7":"product_cat-street","8":"product_cat-zdjecia","9":"product_tag-gdansk","10":"product_tag-obrazy","11":"product_tag-plakat","12":"product_tag-zdjecie","14":"first","15":"instock","16":"featured","17":"sold-individually","18":"shipping-taxable","19":"purchasable","20":"product-type-simple"},"_links":{"self":[{"href":"https:\/\/artofgdansk.com\/index.php\/wp-json\/wp\/v2\/product\/2288","targetHints":{"allow":["GET"]}}],"collection":[{"href":"https:\/\/artofgdansk.com\/index.php\/wp-json\/wp\/v2\/product"}],"about":[{"href":"https:\/\/artofgdansk.com\/index.php\/wp-json\/wp\/v2\/types\/product"}],"wp:featuredmedia":[{"embeddable":true,"href":"https:\/\/artofgdansk.com\/index.php\/wp-json\/wp\/v2\/media\/2302"}],"wp:attachment":[{"href":"https:\/\/artofgdansk.com\/index.php\/wp-json\/wp\/v2\/media?parent=2288"}],"wp:term":[{"taxonomy":"product_cat","embeddable":true,"href":"https:\/\/artofgdansk.com\/index.php\/wp-json\/wp\/v2\/product_cat?post=2288"},{"taxonomy":"product_tag","embeddable":true,"href":"https:\/\/artofgdansk.com\/index.php\/wp-json\/wp\/v2\/product_tag?post=2288"}],"curies":[{"name":"wp","href":"https:\/\/api.w.org\/{rel}","templated":true}]}}