{"id":2231,"date":"2023-09-09T11:42:51","date_gmt":"2023-09-09T09:42:51","guid":{"rendered":"https:\/\/ofgdansk.com\/?post_type=product&#038;p=2231"},"modified":"2023-09-09T11:45:25","modified_gmt":"2023-09-09T09:45:25","slug":"cv19-iza","status":"publish","type":"product","link":"https:\/\/artofgdansk.com\/index.php\/product\/cv19-iza\/","title":{"rendered":"Cv19 Iza"},"content":{"rendered":"<section class=\"wpb-content-wrapper\"><p>[vc_row][vc_column][vc_column_text]<strong>Nazwa:<\/strong><\/p>\n<ul>\n<li>Cv19 Iza<\/li>\n<\/ul>\n<p><strong>Technika<\/strong>:<\/p>\n<ul>\n<li>farby akrylowe, pro markery,<\/li>\n<li>p\u0142\u00f3tno<\/li>\n<li>ca\u0142o\u015b\u0107 zabezpieczona werniksem<\/li>\n<\/ul>\n<p><strong>Wymiary:<\/strong><\/p>\n<ul>\n<li>40cm x 40cm<\/li>\n<\/ul>\n<p>[\/vc_column_text][\/vc_column][\/vc_row]<\/p>\n<\/section>","protected":false},"excerpt":{"rendered":"<p>Technika: farby akrylowe, pro markery, p\u0142\u00f3tno wymiar 40cm x 40cm<\/p>\n","protected":false},"featured_media":2174,"template":"","meta":[],"product_cat":[15,39],"product_tag":[128,126,127],"class_list":{"0":"post-2231","1":"product","2":"type-product","3":"status-publish","4":"has-post-thumbnail","6":"product_brand-pawelkoza","7":"product_cat-street","8":"product_cat-obrazy","9":"product_tag-akryl","10":"product_tag-obrazy","11":"product_tag-oleje","13":"first","14":"instock","15":"featured","16":"sold-individually","17":"shipping-taxable","18":"purchasable","19":"product-type-simple"},"_links":{"self":[{"href":"https:\/\/artofgdansk.com\/index.php\/wp-json\/wp\/v2\/product\/2231","targetHints":{"allow":["GET"]}}],"collection":[{"href":"https:\/\/artofgdansk.com\/index.php\/wp-json\/wp\/v2\/product"}],"about":[{"href":"https:\/\/artofgdansk.com\/index.php\/wp-json\/wp\/v2\/types\/product"}],"wp:featuredmedia":[{"embeddable":true,"href":"https:\/\/artofgdansk.com\/index.php\/wp-json\/wp\/v2\/media\/2174"}],"wp:attachment":[{"href":"https:\/\/artofgdansk.com\/index.php\/wp-json\/wp\/v2\/media?parent=2231"}],"wp:term":[{"taxonomy":"product_cat","embeddable":true,"href":"https:\/\/artofgdansk.com\/index.php\/wp-json\/wp\/v2\/product_cat?post=2231"},{"taxonomy":"product_tag","embeddable":true,"href":"https:\/\/artofgdansk.com\/index.php\/wp-json\/wp\/v2\/product_tag?post=2231"}],"curies":[{"name":"wp","href":"https:\/\/api.w.org\/{rel}","templated":true}]}}