{"id":2030,"date":"2023-09-06T16:00:45","date_gmt":"2023-09-06T14:00:45","guid":{"rendered":"https:\/\/ofgdansk.com\/?post_type=product&#038;p=2030"},"modified":"2023-09-06T16:03:47","modified_gmt":"2023-09-06T14:03:47","slug":"rose-mood","status":"publish","type":"product","link":"https:\/\/artofgdansk.com\/index.php\/product\/rose-mood\/","title":{"rendered":"Rose mood"},"content":{"rendered":"<section class=\"wpb-content-wrapper\"><p>[vc_row][vc_column][vc_column_text]<strong>Nazwa:<\/strong><\/p>\n<ul>\n<li>Rose mood<\/li>\n<\/ul>\n<p><strong>Technika<\/strong>:<\/p>\n<ul>\n<li>pro markery, print,<\/li>\n<li>p\u0142\u00f3tno canvas<\/li>\n<li>ca\u0142o\u015b\u0107 zabezpieczona werniksem<\/li>\n<\/ul>\n<p><strong>Wymiary:<\/strong><\/p>\n<ul>\n<li>50cm x 50cm<\/li>\n<\/ul>\n<p>[\/vc_column_text][\/vc_column][\/vc_row]<\/p>\n<\/section>","protected":false},"excerpt":{"rendered":"<p><span style=\"font-size: 1rem;\">Technika: pro markery, print, p\u0142\u00f3tno canvas wymiar <\/span><strong style=\"font-size: 1rem;\">50cm x 50cm<\/strong><\/p>\n","protected":false},"featured_media":1989,"template":"","meta":[],"product_cat":[15,38],"product_tag":[129],"class_list":{"0":"post-2030","1":"product","2":"type-product","3":"status-publish","4":"has-post-thumbnail","6":"product_brand-pawelkoza","7":"product_cat-street","8":"product_cat-grafika","9":"product_tag-grafika","11":"first","12":"instock","13":"featured","14":"sold-individually","15":"shipping-taxable","16":"purchasable","17":"product-type-simple"},"_links":{"self":[{"href":"https:\/\/artofgdansk.com\/index.php\/wp-json\/wp\/v2\/product\/2030","targetHints":{"allow":["GET"]}}],"collection":[{"href":"https:\/\/artofgdansk.com\/index.php\/wp-json\/wp\/v2\/product"}],"about":[{"href":"https:\/\/artofgdansk.com\/index.php\/wp-json\/wp\/v2\/types\/product"}],"wp:featuredmedia":[{"embeddable":true,"href":"https:\/\/artofgdansk.com\/index.php\/wp-json\/wp\/v2\/media\/1989"}],"wp:attachment":[{"href":"https:\/\/artofgdansk.com\/index.php\/wp-json\/wp\/v2\/media?parent=2030"}],"wp:term":[{"taxonomy":"product_cat","embeddable":true,"href":"https:\/\/artofgdansk.com\/index.php\/wp-json\/wp\/v2\/product_cat?post=2030"},{"taxonomy":"product_tag","embeddable":true,"href":"https:\/\/artofgdansk.com\/index.php\/wp-json\/wp\/v2\/product_tag?post=2030"}],"curies":[{"name":"wp","href":"https:\/\/api.w.org\/{rel}","templated":true}]}}