{"id":103,"date":"2019-04-12T10:25:54","date_gmt":"2019-04-12T10:25:54","guid":{"rendered":"https:\/\/kapee.presslayouts.com\/dummy\/?post_type=product&#038;p=103"},"modified":"2023-09-06T15:50:22","modified_gmt":"2023-09-06T13:50:22","slug":"galeon-color","status":"publish","type":"product","link":"https:\/\/artofgdansk.com\/index.php\/product\/galeon-color\/","title":{"rendered":"Galeon Color"},"content":{"rendered":"<section class=\"wpb-content-wrapper\"><p>[vc_row][vc_column][vc_column_text]<strong>Nazwa:<\/strong><\/p>\n<ul>\n<li>Galeon Color<\/li>\n<\/ul>\n<p><strong>Technika<\/strong>:<\/p>\n<ul>\n<li>farby akrylowe, pro markery, print,<\/li>\n<li>p\u0142\u00f3tno canvas<\/li>\n<li>ca\u0142o\u015b\u0107 zabezpieczona werniksem<\/li>\n<\/ul>\n<p><strong>Wymiary:<\/strong><\/p>\n<ul>\n<li>40cm x 50cm<\/li>\n<\/ul>\n<p>[\/vc_column_text][\/vc_column][\/vc_row]<\/p>\n<\/section>","protected":false},"excerpt":{"rendered":"<p><span style=\"font-size: 1rem;\">Technika: farby akrylowe, pro markery, print, p\u0142\u00f3tno canvas wymiar <\/span><strong style=\"font-size: 1rem;\">50cm x 40cm<\/strong><\/p>\n","protected":false},"featured_media":1904,"template":"","meta":[],"product_cat":[15,39],"product_tag":[],"class_list":{"0":"post-103","1":"product","2":"type-product","3":"status-publish","4":"has-post-thumbnail","6":"product_brand-pawelkoza","7":"product_cat-street","8":"product_cat-obrazy","10":"first","11":"instock","12":"featured","13":"sold-individually","14":"shipping-taxable","15":"purchasable","16":"product-type-simple"},"_links":{"self":[{"href":"https:\/\/artofgdansk.com\/index.php\/wp-json\/wp\/v2\/product\/103","targetHints":{"allow":["GET"]}}],"collection":[{"href":"https:\/\/artofgdansk.com\/index.php\/wp-json\/wp\/v2\/product"}],"about":[{"href":"https:\/\/artofgdansk.com\/index.php\/wp-json\/wp\/v2\/types\/product"}],"wp:featuredmedia":[{"embeddable":true,"href":"https:\/\/artofgdansk.com\/index.php\/wp-json\/wp\/v2\/media\/1904"}],"wp:attachment":[{"href":"https:\/\/artofgdansk.com\/index.php\/wp-json\/wp\/v2\/media?parent=103"}],"wp:term":[{"taxonomy":"product_cat","embeddable":true,"href":"https:\/\/artofgdansk.com\/index.php\/wp-json\/wp\/v2\/product_cat?post=103"},{"taxonomy":"product_tag","embeddable":true,"href":"https:\/\/artofgdansk.com\/index.php\/wp-json\/wp\/v2\/product_tag?post=103"}],"curies":[{"name":"wp","href":"https:\/\/api.w.org\/{rel}","templated":true}]}}